{"id":1549,"date":"2022-03-22T17:30:16","date_gmt":"2022-03-22T16:30:16","guid":{"rendered":"https:\/\/netcotech.de\/?page_id=1549"},"modified":"2025-06-28T19:30:04","modified_gmt":"2025-06-28T17:30:04","slug":"impressum","status":"publish","type":"page","link":"https:\/\/nct.ruhr\/index.php\/impressum\/","title":{"rendered":"Impressum"},"content":{"rendered":"\t\t<div data-elementor-type=\"wp-page\" data-elementor-id=\"1549\" class=\"elementor elementor-1549\" data-elementor-post-type=\"page\">\n\t\t\t\t<div class=\"elementor-element elementor-element-8b19f6d e-flex e-con-boxed e-con e-parent\" data-id=\"8b19f6d\" data-element_type=\"container\" data-e-type=\"container\">\n\t\t\t\t\t<div class=\"e-con-inner\">\n\t\t<div class=\"elementor-element elementor-element-f336ba7 e-con-full e-flex e-con e-child\" data-id=\"f336ba7\" data-element_type=\"container\" data-e-type=\"container\">\n\t\t\t\t<div class=\"elementor-element elementor-element-d918374 elementor-widget elementor-widget-spacer\" data-id=\"d918374\" data-element_type=\"widget\" data-e-type=\"widget\" data-widget_type=\"spacer.default\">\n\t\t\t\t\t\t<div class=\"elementor-widget-container\">\n\t\t\t\t\t\t\t<div class=\"elementor-spacer\">\n\t\t\t<div class=\"elementor-spacer-inner\"><\/div>\n\t\t<\/div>\n\t\t\t\t\t\t<\/div>\n\t\t\t\t<\/div>\n\t\t\t\t<\/div>\n\t\t\t\t\t<\/div>\n\t\t\t\t<\/div>\n\t\t<div class=\"elementor-element elementor-element-cad06a6 e-flex e-con-boxed e-con e-parent\" data-id=\"cad06a6\" data-element_type=\"container\" data-e-type=\"container\">\n\t\t\t\t\t<div class=\"e-con-inner\">\n\t\t<div class=\"elementor-element elementor-element-fac7332 e-con-full e-flex e-con e-child\" data-id=\"fac7332\" data-element_type=\"container\" data-e-type=\"container\" data-settings=\"{&quot;background_background&quot;:&quot;classic&quot;}\">\n\t\t\t\t<div class=\"elementor-element elementor-element-fcab459 elementor-widget elementor-widget-heading\" data-id=\"fcab459\" data-element_type=\"widget\" data-e-type=\"widget\" data-widget_type=\"heading.default\">\n\t\t\t\t\t\t<div class=\"elementor-widget-container\">\n\t\t\t\t\t<h1 class=\"elementor-heading-title elementor-size-default\">Impressum<\/h1>\t\t\t\t<\/div>\n\t\t\t\t<\/div>\n\t\t\t\t<div class=\"elementor-element elementor-element-6d76d8d elementor-widget elementor-widget-erecht24\" data-id=\"6d76d8d\" data-element_type=\"widget\" data-e-type=\"widget\" data-widget_type=\"erecht24.default\">\n\t\t\t\t\t\t<div class=\"elementor-widget-container\">\n\t\t\t\t\t<div class=\"erecht24-elementor-widget\"><div style=\"word-wrap: break-word;\">\n\n<p>NetCoTech UG (haftungsbeschr&auml;nkt) &amp; Co. KG<br \/>\nLangenberger Str. 634<br \/>\n45277 Essen<\/p>\n\n<p>Handelsregister: HA11234<br \/>\nRegistergericht: Essen<\/p>\n\n<p><strong>Vertreten durch:<\/strong><br \/>\nNetCoTech Verwaltungs-UG (haftungsbeschr&auml;nkt)<\/p>\n\n<p>Diese vertreten durch:<br \/>\nKarsten Irlenborn<\/p>\n\n<p>Handelsregister: HRB31982<br \/>\nRegistergericht: Essen<\/p>\n\n<h2>Kontakt<\/h2>\n<p>Telefon: +49-201-89079750<br \/>\nTelefax: +49-201-89079751<br \/>\nE-Mail: info@netcotech.de<\/p>\n\n<h2>Umsatzsteuer-ID<\/h2>\n<p>Umsatzsteuer-Identifikationsnummer gem&auml;&szlig; &sect; 27 a Umsatzsteuergesetz:<br \/>\nDE342176127<\/p>\n\n<h2>Angaben zur Berufs&shy;haftpflicht&shy;versicherung<\/h2>\n<p><strong>Name und Sitz des Versicherers:<\/strong><br \/>\nHiscox SA<br \/>\r\nNiederlassung f&uuml;r Deutschland<br \/>\r\nArnulfstra&szlig;e 31<br \/>\r\n80636 M&uuml;nchen<\/p>\n<p><strong>Geltungsraum der Versicherung:<\/strong><br \/>Weltweit<\/p>\n\n<h2>Verbraucher&shy;streit&shy;beilegung\/Universal&shy;schlichtungs&shy;stelle<\/h2>\n<p>Wir sind nicht bereit oder verpflichtet, an Streitbeilegungsverfahren vor einer Verbraucherschlichtungsstelle teilzunehmen.<\/p>\n\n<h2>Zentrale Kontaktstelle nach dem Digital Services Act - DSA (Verordnung (EU) 2022\/265)<\/h2>\n<p>Unsere zentrale Kontaktstelle f&uuml;r Nutzer und Beh&ouml;rden nach Art. 11, 12 DSA erreichen Sie wie folgt:<\/p>\n<p>E-Mail: info@netcotech.de<br \/>\nTelefon: +49-201-89079750\n<\/p>\n<p>Die f\u00fcr den Kontakt zur Verf&uuml;gung stehenden Sprachen sind: Deutsch, Englisch.<\/p><\/div><\/div>\t\t\t\t<\/div>\n\t\t\t\t<\/div>\n\t\t\t\t<div class=\"elementor-element elementor-element-5b51899 elementor-widget elementor-widget-text-editor\" data-id=\"5b51899\" data-element_type=\"widget\" data-e-type=\"widget\" data-widget_type=\"text-editor.default\">\n\t\t\t\t\t\t<div class=\"elementor-widget-container\">\n\t\t\t\t\t\t\t\t\t<h3><strong><u>Urheberrecht<\/u><\/strong><\/h3><p>Die durch die Seitenbetreiber erstellten Inhalte und Werke auf diesen Seiten unterliegen dem deutschen Urheberrecht. Die Vervielf\u00e4ltigung, Bearbeitung, Verbreitung und jede Art der Verwertung au\u00dferhalb der Grenzen des Urheberrechtes bed\u00fcrfen der schriftlichen Zustimmung des jeweiligen Autors bzw. Erstellers. Downloads und Kopien dieser Seite sind nur f\u00fcr den privaten, nicht kommerziellen Gebrauch gestattet.<\/p><p>Soweit die Inhalte auf dieser Seite nicht vom Betreiber erstellt wurden, werden die Urheberrechte Dritter beachtet. Insbesondere werden Inhalte Dritter als solche gekennzeichnet. Sollten Sie trotzdem auf eine Urheberrechtsverletzung aufmerksam werden, bitten wir um einen entsprechenden Hinweis. Bei Bekanntwerden von Rechtsverletzungen werden wir derartige Inhalte umgehend entfernen.<\/p><p><u>Haftung f\u00fcr Links<\/u><\/p><p>Unser Angebot enth\u00e4lt Links zu externen Websites Dritter, auf deren Inhalte wir keinen Einfluss haben. Deshalb k\u00f6nnen wir f\u00fcr diese fremden Inhalte auch keine Gew\u00e4hr \u00fcbernehmen. F\u00fcr die Inhalte der verlinkten Seiten ist stets der jeweilige Anbieter oder Betreiber der Seiten verantwortlich. Die verlinkten Seiten wurden zum Zeitpunkt der Verlinkung auf m\u00f6gliche Rechtsverst\u00f6\u00dfe \u00fcberpr\u00fcft. Rechtswidrige Inhalte waren zum Zeitpunkt der Verlinkung nicht erkennbar.<\/p><p>Eine permanente inhaltliche Kontrolle der verlinkten Seiten ist jedoch ohne konkrete Anhaltspunkte einer Rechtsverletzung nicht zumutbar. Bei Bekanntwerden von Rechtsverletzungen werden wir derartige Links umgehend entfernen.<\/p><p><u>Haftung f\u00fcr Inhalte<\/u><\/p><p>Als Diensteanbieter sind wir gem\u00e4\u00df \u00a7 7 Abs.1 DDG f\u00fcr eigene Inhalte auf diesen Seiten nach den allgemeinen Gesetzen verantwortlich. Nach \u00a7\u00a7 8 bis 10 DDG sind wir als Diensteanbieter jedoch nicht verpflichtet, \u00fcbermittelte oder gespeicherte fremde Informationen zu \u00fcberwachen oder nach Umst\u00e4nden zu forschen, die auf eine rechtswidrige T\u00e4tigkeit hinweisen.<\/p><p>Verpflichtungen zur Entfernung oder Sperrung der Nutzung von Informationen nach den allgemeinen Gesetzen bleiben hiervon unber\u00fchrt. Eine diesbez\u00fcgliche Haftung ist jedoch erst ab dem Zeitpunkt der Kenntnis einer konkreten Rechtsverletzung m\u00f6glich. Bei Bekanntwerden von entsprechenden Rechtsverletzungen werden wir diese Inhalte umgehend entfernen.<\/p><p>Bildquellen:<br \/>\u00a9 freepik \u2013 freepik.com<\/p>\t\t\t\t\t\t\t\t<\/div>\n\t\t\t\t<\/div>\n\t\t\t\t<\/div>\n\t\t\t\t\t<\/div>\n\t\t\t\t<\/div>\n\t\t<div class=\"elementor-element elementor-element-99d826d e-flex e-con-boxed e-con e-parent\" data-id=\"99d826d\" data-element_type=\"container\" data-e-type=\"container\">\n\t\t\t\t\t<div class=\"e-con-inner\">\n\t\t<div class=\"elementor-element elementor-element-701416b e-con-full e-flex e-con e-child\" data-id=\"701416b\" data-element_type=\"container\" data-e-type=\"container\">\n\t\t\t\t<div class=\"elementor-element elementor-element-ec56f40 elementor-widget elementor-widget-spacer\" data-id=\"ec56f40\" data-element_type=\"widget\" data-e-type=\"widget\" data-widget_type=\"spacer.default\">\n\t\t\t\t\t\t<div class=\"elementor-widget-container\">\n\t\t\t\t\t\t\t<div class=\"elementor-spacer\">\n\t\t\t<div class=\"elementor-spacer-inner\"><\/div>\n\t\t<\/div>\n\t\t\t\t\t\t<\/div>\n\t\t\t\t<\/div>\n\t\t\t\t<\/div>\n\t\t\t\t\t<\/div>\n\t\t\t\t<\/div>\n\t\t\t\t<\/div>\n\t\t","protected":false},"excerpt":{"rendered":"<p>Impressum NetCoTech UG (haftungsbeschr&auml;nkt) &amp; Co. KG Huttropstr. 60 45138 Essen Handelsregister: 11234 Registergericht: Essen Vertreten durch: NetCoTech Verwaltungs-UG (haftungsbeschr&auml;nkt) Diese vertreten durch: Karsten Irlenborn Handelsregister: HRB31982 Registergericht: Essen Kontakt Telefon: +49-201-89079750 Telefax: +49-201-89079751 E-Mail: info@netcotech.de Umsatzsteuer-ID Umsatzsteuer-Identifikationsnummer gem&auml;&szlig; &sect; 27 a Umsatzsteuergesetz: DE342176127 Angaben zur Berufs&shy;haftpflicht&shy;versicherung Name und Sitz des Versicherers: Hiscox SA Niederlassung [&hellip;]<\/p>\n","protected":false},"author":1,"featured_media":0,"parent":0,"menu_order":0,"comment_status":"closed","ping_status":"closed","template":"","meta":{"_acf_changed":false,"_seopress_robots_primary_cat":"","_seopress_titles_title":"","_seopress_titles_desc":"","_seopress_robots_index":"","_uag_custom_page_level_css":"","site-sidebar-layout":"no-sidebar","site-content-layout":"page-builder","ast-site-content-layout":"default","site-content-style":"default","site-sidebar-style":"default","ast-global-header-display":"","ast-banner-title-visibility":"","ast-main-header-display":"","ast-hfb-above-header-display":"","ast-hfb-below-header-display":"","ast-hfb-mobile-header-display":"","site-post-title":"disabled","ast-breadcrumbs-content":"","ast-featured-img":"disabled","footer-sml-layout":"","ast-disable-related-posts":"","theme-transparent-header-meta":"","adv-header-id-meta":"","stick-header-meta":"","header-above-stick-meta":"","header-main-stick-meta":"","header-below-stick-meta":"","astra-migrate-meta-layouts":"default","ast-page-background-enabled":"default","ast-page-background-meta":{"desktop":{"background-color":"","background-image":"","background-repeat":"repeat","background-position":"center center","background-size":"auto","background-attachment":"scroll","background-type":"","background-media":"","overlay-type":"","overlay-color":"","overlay-opacity":"","overlay-gradient":""},"tablet":{"background-color":"","background-image":"","background-repeat":"repeat","background-position":"center center","background-size":"auto","background-attachment":"scroll","background-type":"","background-media":"","overlay-type":"","overlay-color":"","overlay-opacity":"","overlay-gradient":""},"mobile":{"background-color":"","background-image":"","background-repeat":"repeat","background-position":"center center","background-size":"auto","background-attachment":"scroll","background-type":"","background-media":"","overlay-type":"","overlay-color":"","overlay-opacity":"","overlay-gradient":""}},"ast-content-background-meta":{"desktop":{"background-color":"var(--ast-global-color-5)","background-image":"","background-repeat":"repeat","background-position":"center center","background-size":"auto","background-attachment":"scroll","background-type":"","background-media":"","overlay-type":"","overlay-color":"","overlay-opacity":"","overlay-gradient":""},"tablet":{"background-color":"var(--ast-global-color-5)","background-image":"","background-repeat":"repeat","background-position":"center center","background-size":"auto","background-attachment":"scroll","background-type":"","background-media":"","overlay-type":"","overlay-color":"","overlay-opacity":"","overlay-gradient":""},"mobile":{"background-color":"var(--ast-global-color-5)","background-image":"","background-repeat":"repeat","background-position":"center center","background-size":"auto","background-attachment":"scroll","background-type":"","background-media":"","overlay-type":"","overlay-color":"","overlay-opacity":"","overlay-gradient":""}},"footnotes":""},"class_list":["post-1549","page","type-page","status-publish","hentry"],"acf":[],"uagb_featured_image_src":{"full":false,"thumbnail":false,"medium":false,"medium_large":false,"large":false,"1536x1536":false,"2048x2048":false},"uagb_author_info":{"display_name":"admin","author_link":"https:\/\/nct.ruhr\/index.php\/author\/kirlenborn\/"},"uagb_comment_info":0,"uagb_excerpt":"Impressum NetCoTech UG (haftungsbeschr&auml;nkt) &amp; Co. KG Huttropstr. 60 45138 Essen Handelsregister: 11234 Registergericht: Essen Vertreten durch: NetCoTech Verwaltungs-UG (haftungsbeschr&auml;nkt) Diese vertreten durch: Karsten Irlenborn Handelsregister: HRB31982 Registergericht: Essen Kontakt Telefon: +49-201-89079750 Telefax: +49-201-89079751 E-Mail: info@netcotech.de Umsatzsteuer-ID Umsatzsteuer-Identifikationsnummer gem&auml;&szlig; &sect; 27 a Umsatzsteuergesetz: DE342176127 Angaben zur Berufs&shy;haftpflicht&shy;versicherung Name und Sitz des Versicherers: Hiscox SA Niederlassung&hellip;","jetpack_sharing_enabled":true,"_links":{"self":[{"href":"https:\/\/nct.ruhr\/index.php\/wp-json\/wp\/v2\/pages\/1549","targetHints":{"allow":["GET"]}}],"collection":[{"href":"https:\/\/nct.ruhr\/index.php\/wp-json\/wp\/v2\/pages"}],"about":[{"href":"https:\/\/nct.ruhr\/index.php\/wp-json\/wp\/v2\/types\/page"}],"author":[{"embeddable":true,"href":"https:\/\/nct.ruhr\/index.php\/wp-json\/wp\/v2\/users\/1"}],"replies":[{"embeddable":true,"href":"https:\/\/nct.ruhr\/index.php\/wp-json\/wp\/v2\/comments?post=1549"}],"version-history":[{"count":21,"href":"https:\/\/nct.ruhr\/index.php\/wp-json\/wp\/v2\/pages\/1549\/revisions"}],"predecessor-version":[{"id":10205,"href":"https:\/\/nct.ruhr\/index.php\/wp-json\/wp\/v2\/pages\/1549\/revisions\/10205"}],"wp:attachment":[{"href":"https:\/\/nct.ruhr\/index.php\/wp-json\/wp\/v2\/media?parent=1549"}],"curies":[{"name":"wp","href":"https:\/\/api.w.org\/{rel}","templated":true}]}}